{"id":5652,"date":"2024-07-08T03:27:36","date_gmt":"2024-07-08T07:27:36","guid":{"rendered":"https:\/\/cirkel-jewelry.com\/?post_type=product&#038;p=5652"},"modified":"2026-03-13T10:03:34","modified_gmt":"2026-03-13T13:03:34","slug":"collier-estalactitas-de-hielo","status":"publish","type":"product","link":"https:\/\/cirkel-jewelry.com\/en\/product\/collier-estalactitas-de-hielo\/","title":{"rendered":"Collier Estalactitas de hielo"},"content":{"rendered":"","protected":false},"excerpt":{"rendered":"<p>The <strong>Torc<\/strong>, del lat\u00edn <em>torqueo<\/em> debido a su forma tradicionalmente torcida, es un tipo de collar con forma de aro, grande y r\u00edgido, utilizado para ornamentar el cuello rode\u00e1ndolo. Fueron utilizados por varios pueblos en la Edad de Bronce, desde 1.000 a. C. hasta alrededor del a\u00f1o 300 d.C., incluyendo tribus germ\u00e1nicas, persas, britanos, galos y celt\u00edberos (celtas de la pen\u00ednsula ib\u00e9rica).<br \/>\nSe ven retratados especialmente en las r<strong>epresentaciones de dioses y diosas en la mitolog\u00eda celta<\/strong>, hechos principalmente en una pieza maciza de metal o alambres retorcidos de Oro, Bronce o Plata. La versi\u00f3n abierta al frente es llamada <em>torc<\/em>, mientras que la variaci\u00f3n abierta en la espalda es llamada <em>collier<\/em>.<\/p>\n<p>_______<\/p>\n<p>Collar tipo <em>collier, <\/em>basado en registros arqueol\u00f3gicos de pueblos celtas ib\u00e9ricos y germ\u00e1nicos, reinterpretando su est\u00e9tica hacia la imagen g\u00e9lida del alto invierno, con base martilleada pulida, estalactitas talladas a mano una a una, acentos brillantes tornasolados con <em>Cubic Zirconia Lavender<\/em> and <em>Herkimer quartz<\/em> central con inclusiones, todo en Plata de ley 950.<\/p>\n<p><strong>Un tributo sagrado al hielo y la nieve.<\/strong><\/p>\n<p>-Incluye estuche r\u00edgido personalizado y cadena de Plata con largo a medida + extensi\u00f3n ajustable.<br \/>\nPeso aprox: 15grs de Plata<\/p>\n<p>&nbsp;<\/p>","protected":false},"featured_media":5651,"comment_status":"open","ping_status":"closed","template":"","meta":{"_coblocks_attr":"","_coblocks_dimensions":"","_coblocks_responsive_height":"","_coblocks_accordion_ie_support":"","_crdt_document":"","advanced_seo_description":"","jetpack_seo_html_title":"","jetpack_seo_noindex":false,"jetpack_publicize_message":"","jetpack_publicize_feature_enabled":true,"jetpack_social_post_already_shared":true,"jetpack_social_options":{"image_generator_settings":{"template":"highway","default_image_id":0,"font":"","enabled":false},"version":2},"_wpas_customize_per_network":false},"product_brand":[],"product_cat":[6848,6832,6938],"product_tag":[],"class_list":{"0":"post-5652","1":"product","2":"type-product","3":"status-publish","4":"has-post-thumbnail","6":"product_cat-colgantes","7":"product_cat-disponible","8":"product_cat-frost","9":"post","11":"first","12":"instock","13":"shipping-taxable","14":"purchasable","15":"product-type-simple","16":"add-to-wishlist-before_image"},"jetpack_publicize_connections":[],"jetpack_likes_enabled":false,"jetpack_sharing_enabled":true,"jetpack-related-posts":[],"_links":{"self":[{"href":"https:\/\/cirkel-jewelry.com\/en\/wp-json\/wp\/v2\/product\/5652","targetHints":{"allow":["GET"]}}],"collection":[{"href":"https:\/\/cirkel-jewelry.com\/en\/wp-json\/wp\/v2\/product"}],"about":[{"href":"https:\/\/cirkel-jewelry.com\/en\/wp-json\/wp\/v2\/types\/product"}],"replies":[{"embeddable":true,"href":"https:\/\/cirkel-jewelry.com\/en\/wp-json\/wp\/v2\/comments?post=5652"}],"wp:featuredmedia":[{"embeddable":true,"href":"https:\/\/cirkel-jewelry.com\/en\/wp-json\/wp\/v2\/media\/5651"}],"wp:attachment":[{"href":"https:\/\/cirkel-jewelry.com\/en\/wp-json\/wp\/v2\/media?parent=5652"}],"wp:term":[{"taxonomy":"product_brand","embeddable":true,"href":"https:\/\/cirkel-jewelry.com\/en\/wp-json\/wp\/v2\/product_brand?post=5652"},{"taxonomy":"product_cat","embeddable":true,"href":"https:\/\/cirkel-jewelry.com\/en\/wp-json\/wp\/v2\/product_cat?post=5652"},{"taxonomy":"product_tag","embeddable":true,"href":"https:\/\/cirkel-jewelry.com\/en\/wp-json\/wp\/v2\/product_tag?post=5652"}],"curies":[{"name":"wp","href":"https:\/\/api.w.org\/{rel}","templated":true}]}}