{"id":819,"date":"2023-06-05T15:41:19","date_gmt":"2023-06-05T19:41:19","guid":{"rendered":"https:\/\/cirkel-jewelry.com\/?page_id=819"},"modified":"2023-11-18T15:35:28","modified_gmt":"2023-11-18T18:35:28","slug":"casting","status":"publish","type":"page","link":"https:\/\/cirkel-jewelry.com\/en\/learn\/cursos\/casting\/","title":{"rendered":"Casting"},"content":{"rendered":"\n<div class=\"wp-block-cover alignwide has-custom-content-position is-position-center-left wp-duotone-unset-2\" style=\"min-height:270px;aspect-ratio:unset;\"><span aria-hidden=\"true\" class=\"wp-block-cover__background has-background-dim-20 has-background-dim\" style=\"background-color:#817270\"><\/span><img data-recalc-dims=\"1\" loading=\"lazy\" decoding=\"async\" width=\"4912\" height=\"3264\" data-attachment-id=\"1922\" data-permalink=\"https:\/\/cirkel-jewelry.com\/en\/dsc08846-1-jpg\/\" data-orig-file=\"https:\/\/i0.wp.com\/cirkel-jewelry.com\/wp-content\/uploads\/2023\/06\/DSC08846-1-rotated.jpg?fit=4912%2C3264&amp;ssl=1\" data-orig-size=\"4912,3264\" data-comments-opened=\"0\" data-image-meta=\"{&quot;aperture&quot;:&quot;2&quot;,&quot;credit&quot;:&quot;&quot;,&quot;camera&quot;:&quot;NEX-3N&quot;,&quot;caption&quot;:&quot;&quot;,&quot;created_timestamp&quot;:&quot;1664541540&quot;,&quot;copyright&quot;:&quot;&quot;,&quot;focal_length&quot;:&quot;50&quot;,&quot;iso&quot;:&quot;200&quot;,&quot;shutter_speed&quot;:&quot;0.002&quot;,&quot;title&quot;:&quot;&quot;,&quot;orientation&quot;:&quot;1&quot;}\" data-image-title=\"DSC08846-1.jpg\" data-image-description=\"\" data-image-caption=\"\" data-medium-file=\"https:\/\/i0.wp.com\/cirkel-jewelry.com\/wp-content\/uploads\/2023\/06\/DSC08846-1-rotated.jpg?fit=300%2C199&amp;ssl=1\" data-large-file=\"https:\/\/i0.wp.com\/cirkel-jewelry.com\/wp-content\/uploads\/2023\/06\/DSC08846-1-rotated.jpg?fit=1024%2C680&amp;ssl=1\" class=\"wp-block-cover__image-background wp-image-1922\" alt=\"\" src=\"https:\/\/i0.wp.com\/cirkel-jewelry.com\/wp-content\/uploads\/2023\/06\/DSC08846-1-rotated.jpg?resize=4912%2C3264&#038;ssl=1\" style=\"object-position:49% 68%\" data-object-fit=\"cover\" data-object-position=\"49% 68%\" srcset=\"https:\/\/i0.wp.com\/cirkel-jewelry.com\/wp-content\/uploads\/2023\/06\/DSC08846-1-rotated.jpg?w=4912&amp;ssl=1 4912w, https:\/\/i0.wp.com\/cirkel-jewelry.com\/wp-content\/uploads\/2023\/06\/DSC08846-1-rotated.jpg?resize=300%2C199&amp;ssl=1 300w, https:\/\/i0.wp.com\/cirkel-jewelry.com\/wp-content\/uploads\/2023\/06\/DSC08846-1-rotated.jpg?resize=1024%2C680&amp;ssl=1 1024w, https:\/\/i0.wp.com\/cirkel-jewelry.com\/wp-content\/uploads\/2023\/06\/DSC08846-1-rotated.jpg?resize=768%2C510&amp;ssl=1 768w, https:\/\/i0.wp.com\/cirkel-jewelry.com\/wp-content\/uploads\/2023\/06\/DSC08846-1-rotated.jpg?resize=100%2C66&amp;ssl=1 100w, https:\/\/i0.wp.com\/cirkel-jewelry.com\/wp-content\/uploads\/2023\/06\/DSC08846-1-rotated.jpg?resize=1536%2C1021&amp;ssl=1 1536w, https:\/\/i0.wp.com\/cirkel-jewelry.com\/wp-content\/uploads\/2023\/06\/DSC08846-1-rotated.jpg?resize=2048%2C1361&amp;ssl=1 2048w, https:\/\/i0.wp.com\/cirkel-jewelry.com\/wp-content\/uploads\/2023\/06\/DSC08846-1-rotated.jpg?resize=1200%2C797&amp;ssl=1 1200w, https:\/\/i0.wp.com\/cirkel-jewelry.com\/wp-content\/uploads\/2023\/06\/DSC08846-1-rotated.jpg?resize=600%2C399&amp;ssl=1 600w, https:\/\/i0.wp.com\/cirkel-jewelry.com\/wp-content\/uploads\/2023\/06\/DSC08846-1-rotated.jpg?w=3000&amp;ssl=1 3000w\" sizes=\"auto, (max-width: 1000px) 100vw, 1000px\" \/><div class=\"wp-block-cover__inner-container is-layout-constrained wp-block-cover-is-layout-constrained\">\n<p class=\"has-text-align-center has-large-font-size wp-block-paragraph\"><\/p>\n<\/div><\/div>\n\n\n\n<p class=\"wp-block-paragraph\" style=\"padding-top:var(--wp--preset--spacing--30);padding-bottom:var(--wp--preset--spacing--30)\">Tallado en cera y micro-fundici\u00f3n: tipos de ceras para joyer\u00eda, m\u00e9todos de tallado y desbaste, modelado, trabajo con moldes, producci\u00f3n en serie.<\/p>\n\n\n\n<p class=\"wp-block-paragraph\"><\/p>\n\n\n\n<p class=\"wp-block-paragraph\"> <\/p>\n\n\n<div data-block-name=\"woocommerce\/product-category\" data-categories=\"[6935]\" data-content-visibility=\"{&quot;image&quot;:true,&quot;title&quot;:true,&quot;price&quot;:true,&quot;rating&quot;:true,&quot;button&quot;:false}\" class=\"wc-block-grid wp-block-product-category wp-block-woocommerce-product-category wc-block-product-category has-3-columns has-multiple-rows\"><ul class=\"wc-block-grid__products\"><li class=\"wc-block-grid__product add-to-wishlist-before_image\">\n<div\n\tclass=\"yith-wcwl-add-to-wishlist add-to-wishlist-2736 yith-wcwl-add-to-wishlist--link-style wishlist-fragment on-first-load\"\n\tdata-fragment-ref=\"2736\"\n\tdata-fragment-options=\"{&quot;base_url&quot;:&quot;&quot;,&quot;product_id&quot;:2736,&quot;parent_product_id&quot;:0,&quot;product_type&quot;:&quot;simple&quot;,&quot;is_single&quot;:false,&quot;in_default_wishlist&quot;:false,&quot;show_view&quot;:false,&quot;browse_wishlist_text&quot;:&quot;Ver tus favoritos&quot;,&quot;already_in_wishslist_text&quot;:&quot;\\u00a1El producto ya est\\u00e1 en tu lista de deseos!&quot;,&quot;product_added_text&quot;:&quot;\\u00a1Producto a\\u00f1adido!&quot;,&quot;available_multi_wishlist&quot;:false,&quot;disable_wishlist&quot;:false,&quot;show_count&quot;:false,&quot;ajax_loading&quot;:false,&quot;loop_position&quot;:&quot;before_image&quot;,&quot;item&quot;:&quot;add_to_wishlist&quot;}\"\n>\n\t<\/div>\n<a href=\"https:\/\/cirkel-jewelry.com\/en\/product\/como-hacer-un-anillo-basico\/\" class=\"wc-block-grid__product-link\">\n\t\t\t\t\t<div class=\"wc-block-grid__product-onsale\">\n\t\t\t<span aria-hidden=\"true\">Oferta<\/span>\n\t\t\t<span class=\"screen-reader-text\">Producto en oferta<\/span>\n\t\t<\/div>\n\t\t\t\t\t<div class=\"wc-block-grid__product-image\"><img loading=\"lazy\" decoding=\"async\" width=\"450\" height=\"338\" src=\"https:\/\/i0.wp.com\/cirkel-jewelry.com\/wp-content\/uploads\/2023\/06\/Curso-anillo.jpg?resize=450%2C338&amp;ssl=1\" class=\"attachment-woocommerce_thumbnail size-woocommerce_thumbnail\" alt=\"Curso Online: C\u00f3mo hacer un anillo b\u00e1sico\" srcset=\"https:\/\/i0.wp.com\/cirkel-jewelry.com\/wp-content\/uploads\/2023\/06\/Curso-anillo.jpg?resize=1200%2C900&amp;ssl=1 1200w, https:\/\/i0.wp.com\/cirkel-jewelry.com\/wp-content\/uploads\/2023\/06\/Curso-anillo.jpg?resize=800%2C600&amp;ssl=1 800w, https:\/\/i0.wp.com\/cirkel-jewelry.com\/wp-content\/uploads\/2023\/06\/Curso-anillo.jpg?resize=400%2C300&amp;ssl=1 400w, https:\/\/i0.wp.com\/cirkel-jewelry.com\/wp-content\/uploads\/2023\/06\/Curso-anillo.jpg?resize=200%2C150&amp;ssl=1 200w, https:\/\/i0.wp.com\/cirkel-jewelry.com\/wp-content\/uploads\/2023\/06\/Curso-anillo.jpg?resize=450%2C338&amp;ssl=1 450w, https:\/\/i0.wp.com\/cirkel-jewelry.com\/wp-content\/uploads\/2023\/06\/Curso-anillo.jpg?zoom=2&amp;resize=450%2C338&amp;ssl=1 900w, https:\/\/i0.wp.com\/cirkel-jewelry.com\/wp-content\/uploads\/2023\/06\/Curso-anillo.jpg?zoom=3&amp;resize=450%2C338&amp;ssl=1 1350w\" sizes=\"auto, (max-width: 450px) 100vw, 450px\" data-attachment-id=\"2776\" data-permalink=\"https:\/\/cirkel-jewelry.com\/en\/course\/anillo-basico\/curso-anillo\/\" data-orig-file=\"https:\/\/i0.wp.com\/cirkel-jewelry.com\/wp-content\/uploads\/2023\/06\/Curso-anillo.jpg?fit=6000%2C4000&amp;ssl=1\" data-orig-size=\"6000,4000\" data-comments-opened=\"0\" data-image-meta=\"{&quot;aperture&quot;:&quot;0&quot;,&quot;credit&quot;:&quot;&quot;,&quot;camera&quot;:&quot;&quot;,&quot;caption&quot;:&quot;&quot;,&quot;created_timestamp&quot;:&quot;0&quot;,&quot;copyright&quot;:&quot;&quot;,&quot;focal_length&quot;:&quot;0&quot;,&quot;iso&quot;:&quot;0&quot;,&quot;shutter_speed&quot;:&quot;0&quot;,&quot;title&quot;:&quot;&quot;,&quot;orientation&quot;:&quot;0&quot;}\" data-image-title=\"Curso anillo\" data-image-description=\"\" data-image-caption=\"\" data-medium-file=\"https:\/\/i0.wp.com\/cirkel-jewelry.com\/wp-content\/uploads\/2023\/06\/Curso-anillo.jpg?fit=300%2C200&amp;ssl=1\" data-large-file=\"https:\/\/i0.wp.com\/cirkel-jewelry.com\/wp-content\/uploads\/2023\/06\/Curso-anillo.jpg?fit=1024%2C683&amp;ssl=1\" \/><\/div>\n\t\t\t\t\t<div class=\"wc-block-grid__product-title\">Curso Online: C\u00f3mo hacer un anillo b\u00e1sico<\/div>\n\t\t\t\t<\/a>\n\t\t\t\t<div class=\"wc-block-grid__product-price price\"><del aria-hidden=\"true\"><span class=\"woocommerce-Price-amount amount\"><span class=\"woocommerce-Price-currencySymbol\">&#036;<\/span>20.000<\/span><\/del> <span class=\"screen-reader-text\">El precio original era: &#036;20.000.<\/span><ins aria-hidden=\"true\"><span class=\"woocommerce-Price-amount amount\"><span class=\"woocommerce-Price-currencySymbol\">&#036;<\/span>12.000<\/span><\/ins><span class=\"screen-reader-text\">El precio actual es: &#036;12.000.<\/span><\/div>\n\t\t\t\t\n\t\t\t\t\n\t\t\t<\/li><\/ul><\/div>\n\n\n<hr class=\"wp-block-separator has-alpha-channel-opacity is-style-dots\" style=\"margin-top:var(--wp--preset--spacing--80);margin-bottom:var(--wp--preset--spacing--80)\"\/>\n\n\n\n<div class=\"wp-block-query alignwide wp-block-sensei-lms-course-list wp-block-sensei-lms-course-list--is-grid-view is-layout-constrained wp-block-query-is-layout-constrained\"><div class=\"alignleft wp-block-sensei-lms-course-list-filter\"><select data-param-key=\"course-list-category-filter-19\">\n\t\t\t<option value=\"-1\">All Categories<\/option><option  value=\"6777\">anillo<\/option><option  value=\"6779\">clases de joyer\u00eda<\/option><option  value=\"6773\">orfebrer\u00eda<\/option><option  value=\"6775\">orfebrer\u00eda b\u00e1sica<\/option><option  value=\"6781\">principiante<\/option><\/select><\/div>\n\n<ul class=\"columns-3 alignwide wp-block-post-template is-layout-grid wp-container-core-post-template-is-layout-6a662b0d wp-block-post-template-is-layout-grid\"><li class=\"wp-block-post post-292 course type-course status-publish has-post-thumbnail hentry course-category-anillo course-category-clases-de-joyeria course-category-orfebreria course-category-orfebreria-basica course-category-principiante module-1-formato-del-material module-2-soldadura module-3-terminaciones module-introduccion-al-curso module-material-complementario post\">\n\n<div class=\"wp-block-group alignfull has-border-color is-layout-flow wp-container-core-group-is-layout-de791c55 wp-block-group-is-layout-flow\" style=\"border-color:#c7c3c34f;border-width:1px;padding-top:10px;padding-right:10px;padding-bottom:10px;padding-left:10px\"><div class=\"sensei-lms-course-list-featured-label__image-wrapper\"><span class=\"sensei-lms-course-list-featured-label__text\">Featured<\/span><figure style=\"height:180px;\" class=\"wp-block-post-featured-image\"><a href=\"https:\/\/cirkel-jewelry.com\/en\/course\/anillo-basico\/\" target=\"_self\"  style=\"height:180px\"><img data-recalc-dims=\"1\" loading=\"lazy\" decoding=\"async\" width=\"6000\" height=\"4000\" src=\"https:\/\/i0.wp.com\/cirkel-jewelry.com\/wp-content\/uploads\/2023\/06\/Curso-anillo.jpg?resize=6000%2C4000&#038;ssl=1\" class=\"attachment-post-thumbnail size-post-thumbnail wp-post-image\" alt=\"C\u00f3mo hacer un anillo b\u00e1sico (en 3 formas distintas)\" style=\"height:180px;object-fit:cover;\" srcset=\"https:\/\/i0.wp.com\/cirkel-jewelry.com\/wp-content\/uploads\/2023\/06\/Curso-anillo.jpg?w=6000&amp;ssl=1 6000w, https:\/\/i0.wp.com\/cirkel-jewelry.com\/wp-content\/uploads\/2023\/06\/Curso-anillo.jpg?resize=300%2C200&amp;ssl=1 300w, https:\/\/i0.wp.com\/cirkel-jewelry.com\/wp-content\/uploads\/2023\/06\/Curso-anillo.jpg?resize=1024%2C683&amp;ssl=1 1024w, https:\/\/i0.wp.com\/cirkel-jewelry.com\/wp-content\/uploads\/2023\/06\/Curso-anillo.jpg?resize=768%2C512&amp;ssl=1 768w, https:\/\/i0.wp.com\/cirkel-jewelry.com\/wp-content\/uploads\/2023\/06\/Curso-anillo.jpg?resize=100%2C67&amp;ssl=1 100w, https:\/\/i0.wp.com\/cirkel-jewelry.com\/wp-content\/uploads\/2023\/06\/Curso-anillo.jpg?resize=1536%2C1024&amp;ssl=1 1536w, https:\/\/i0.wp.com\/cirkel-jewelry.com\/wp-content\/uploads\/2023\/06\/Curso-anillo.jpg?resize=2048%2C1365&amp;ssl=1 2048w, https:\/\/i0.wp.com\/cirkel-jewelry.com\/wp-content\/uploads\/2023\/06\/Curso-anillo.jpg?resize=1200%2C800&amp;ssl=1 1200w, https:\/\/i0.wp.com\/cirkel-jewelry.com\/wp-content\/uploads\/2023\/06\/Curso-anillo.jpg?resize=600%2C400&amp;ssl=1 600w, https:\/\/i0.wp.com\/cirkel-jewelry.com\/wp-content\/uploads\/2023\/06\/Curso-anillo.jpg?w=3000&amp;ssl=1 3000w\" sizes=\"auto, (max-width: 1000px) 100vw, 1000px\" data-attachment-id=\"2776\" data-permalink=\"https:\/\/cirkel-jewelry.com\/en\/course\/anillo-basico\/curso-anillo\/\" data-orig-file=\"https:\/\/i0.wp.com\/cirkel-jewelry.com\/wp-content\/uploads\/2023\/06\/Curso-anillo.jpg?fit=6000%2C4000&amp;ssl=1\" data-orig-size=\"6000,4000\" data-comments-opened=\"0\" data-image-meta=\"{&quot;aperture&quot;:&quot;0&quot;,&quot;credit&quot;:&quot;&quot;,&quot;camera&quot;:&quot;&quot;,&quot;caption&quot;:&quot;&quot;,&quot;created_timestamp&quot;:&quot;0&quot;,&quot;copyright&quot;:&quot;&quot;,&quot;focal_length&quot;:&quot;0&quot;,&quot;iso&quot;:&quot;0&quot;,&quot;shutter_speed&quot;:&quot;0&quot;,&quot;title&quot;:&quot;&quot;,&quot;orientation&quot;:&quot;0&quot;}\" data-image-title=\"Curso anillo\" data-image-description=\"\" data-image-caption=\"\" data-medium-file=\"https:\/\/i0.wp.com\/cirkel-jewelry.com\/wp-content\/uploads\/2023\/06\/Curso-anillo.jpg?fit=300%2C200&amp;ssl=1\" data-large-file=\"https:\/\/i0.wp.com\/cirkel-jewelry.com\/wp-content\/uploads\/2023\/06\/Curso-anillo.jpg?fit=1024%2C683&amp;ssl=1\" \/><\/a><\/figure><\/div>\n\n<h2 class=\"has-text-align-left wp-block-post-title has-large-font-size\"><a href=\"https:\/\/cirkel-jewelry.com\/en\/course\/anillo-basico\/\" target=\"_self\" >C\u00f3mo hacer un anillo b\u00e1sico (en 3 formas distintas)<\/a><\/h2>\n\n\n\n\n<div class=\"sensei-block-wrapper sensei-cta wp-block-sensei-lms-button-take-course\">\n\t\t\t<form method=\"GET\" action=\"https:\/\/cirkel-jewelry.com\/en\/courses-overview\/my-courses\/\">\n\t\t\t<input type=\"hidden\" name=\"redirect_to\" value=\"https:\/\/cirkel-jewelry.com\/en\/course\/anillo-basico\/?take_course_sign_in=1\" \/>\n\t\t\t\n<div class=\"wp-block-sensei-lms-button-take-course is-style-default wp-block-sensei-button wp-block-button has-text-align-full\"><button class=\"wp-block-button__link\">Empezar el curso<\/button><\/div>\n\n\t\t\t<\/form>\n\t\t\t<\/div>\n\n\n\n\n<\/div>\n\n<\/li><\/ul><\/div>\n","protected":false},"excerpt":{"rendered":"<p>Wax carving and micro-casting: types of jewelry waxes, carving methods, modeling, working with molds, mass production.<\/p>","protected":false},"author":235540804,"featured_media":0,"parent":253,"menu_order":0,"comment_status":"closed","ping_status":"closed","template":"","meta":{"_coblocks_attr":"","_coblocks_dimensions":"","_coblocks_responsive_height":"","_coblocks_accordion_ie_support":"","_crdt_document":"","advanced_seo_description":"","jetpack_seo_html_title":"","jetpack_seo_noindex":false,"footnotes":""},"class_list":["post-819","page","type-page","status-publish","hentry"],"jetpack_likes_enabled":false,"jetpack_sharing_enabled":true,"jetpack_shortlink":"https:\/\/wp.me\/PeQ3uF-dd","jetpack-related-posts":[],"_links":{"self":[{"href":"https:\/\/cirkel-jewelry.com\/en\/wp-json\/wp\/v2\/pages\/819","targetHints":{"allow":["GET"]}}],"collection":[{"href":"https:\/\/cirkel-jewelry.com\/en\/wp-json\/wp\/v2\/pages"}],"about":[{"href":"https:\/\/cirkel-jewelry.com\/en\/wp-json\/wp\/v2\/types\/page"}],"author":[{"embeddable":true,"href":"https:\/\/cirkel-jewelry.com\/en\/wp-json\/wp\/v2\/users\/235540804"}],"replies":[{"embeddable":true,"href":"https:\/\/cirkel-jewelry.com\/en\/wp-json\/wp\/v2\/comments?post=819"}],"version-history":[{"count":11,"href":"https:\/\/cirkel-jewelry.com\/en\/wp-json\/wp\/v2\/pages\/819\/revisions"}],"predecessor-version":[{"id":3933,"href":"https:\/\/cirkel-jewelry.com\/en\/wp-json\/wp\/v2\/pages\/819\/revisions\/3933"}],"up":[{"embeddable":true,"href":"https:\/\/cirkel-jewelry.com\/en\/wp-json\/wp\/v2\/pages\/253"}],"wp:attachment":[{"href":"https:\/\/cirkel-jewelry.com\/en\/wp-json\/wp\/v2\/media?parent=819"}],"curies":[{"name":"wp","href":"https:\/\/api.w.org\/{rel}","templated":true}]}}